{"id":679,"date":"2025-07-10T08:23:23","date_gmt":"2025-07-10T08:23:23","guid":{"rendered":"https:\/\/www.bhenlab.com\/?post_type=product&#038;p=679"},"modified":"2025-07-10T08:23:57","modified_gmt":"2025-07-10T08:23:57","slug":"boh-zrkta-modern-refrigeration-and-air-conditioning-system-skills-training-device","status":"publish","type":"product","link":"https:\/\/www.bhenlab.com\/fr\/produit\/boh-zrkta-modern-refrigeration-and-air-conditioning-system-skills-training-device\/","title":{"rendered":"BOH-ZRKTA Dispositif de formation aux syst\u00e8mes modernes de r\u00e9frig\u00e9ration et de conditionnement d'air"},"content":{"rendered":"<h2><img loading=\"lazy\" decoding=\"async\" class=\"size-medium wp-image-682 aligncenter\" src=\"https:\/\/www.bhenlab.com\/wp-content\/uploads\/2025\/07\/\u6b63\u9762-2-500x500.png\" alt=\"\" width=\"500\" height=\"500\" srcset=\"https:\/\/www.bhenlab.com\/wp-content\/uploads\/2025\/07\/\u6b63\u9762-2-500x500.png 500w, https:\/\/www.bhenlab.com\/wp-content\/uploads\/2025\/07\/\u6b63\u9762-2-300x300.png 300w, https:\/\/www.bhenlab.com\/wp-content\/uploads\/2025\/07\/\u6b63\u9762-2-768x768.png 768w, https:\/\/www.bhenlab.com\/wp-content\/uploads\/2025\/07\/\u6b63\u9762-2-12x12.png 12w, https:\/\/www.bhenlab.com\/wp-content\/uploads\/2025\/07\/\u6b63\u9762-2-150x150.png 150w, https:\/\/www.bhenlab.com\/wp-content\/uploads\/2025\/07\/\u6b63\u9762-2-75x75.png 75w, https:\/\/www.bhenlab.com\/wp-content\/uploads\/2025\/07\/\u6b63\u9762-2-480x480.png 480w, https:\/\/www.bhenlab.com\/wp-content\/uploads\/2025\/07\/\u6b63\u9762-2.png 800w\" sizes=\"auto, (max-width:767px) 480px, 500px\" \/><\/h2>\n<h2><img loading=\"lazy\" decoding=\"async\" class=\"size-medium wp-image-681 aligncenter\" src=\"https:\/\/www.bhenlab.com\/wp-content\/uploads\/2025\/07\/\u4fa7\u9762-1-500x500.png\" alt=\"\" width=\"500\" height=\"500\" srcset=\"https:\/\/www.bhenlab.com\/wp-content\/uploads\/2025\/07\/\u4fa7\u9762-1-500x500.png 500w, https:\/\/www.bhenlab.com\/wp-content\/uploads\/2025\/07\/\u4fa7\u9762-1-300x300.png 300w, https:\/\/www.bhenlab.com\/wp-content\/uploads\/2025\/07\/\u4fa7\u9762-1-768x768.png 768w, https:\/\/www.bhenlab.com\/wp-content\/uploads\/2025\/07\/\u4fa7\u9762-1-12x12.png 12w, https:\/\/www.bhenlab.com\/wp-content\/uploads\/2025\/07\/\u4fa7\u9762-1-150x150.png 150w, https:\/\/www.bhenlab.com\/wp-content\/uploads\/2025\/07\/\u4fa7\u9762-1-75x75.png 75w, https:\/\/www.bhenlab.com\/wp-content\/uploads\/2025\/07\/\u4fa7\u9762-1-480x480.png 480w, https:\/\/www.bhenlab.com\/wp-content\/uploads\/2025\/07\/\u4fa7\u9762-1.png 800w\" sizes=\"auto, (max-width:767px) 480px, 500px\" \/><\/h2>\n<h2><img loading=\"lazy\" decoding=\"async\" class=\"size-medium wp-image-680 aligncenter\" src=\"https:\/\/www.bhenlab.com\/wp-content\/uploads\/2025\/07\/\u80cc\u9762-500x500.png\" alt=\"\" width=\"500\" height=\"500\" srcset=\"https:\/\/www.bhenlab.com\/wp-content\/uploads\/2025\/07\/\u80cc\u9762-500x500.png 500w, https:\/\/www.bhenlab.com\/wp-content\/uploads\/2025\/07\/\u80cc\u9762-300x300.png 300w, https:\/\/www.bhenlab.com\/wp-content\/uploads\/2025\/07\/\u80cc\u9762-768x768.png 768w, https:\/\/www.bhenlab.com\/wp-content\/uploads\/2025\/07\/\u80cc\u9762-12x12.png 12w, https:\/\/www.bhenlab.com\/wp-content\/uploads\/2025\/07\/\u80cc\u9762-150x150.png 150w, https:\/\/www.bhenlab.com\/wp-content\/uploads\/2025\/07\/\u80cc\u9762-75x75.png 75w, https:\/\/www.bhenlab.com\/wp-content\/uploads\/2025\/07\/\u80cc\u9762-480x480.png 480w, https:\/\/www.bhenlab.com\/wp-content\/uploads\/2025\/07\/\u80cc\u9762.png 800w\" sizes=\"auto, (max-width:767px) 480px, 500px\" \/><\/h2>\n<h2><strong><b>I. Product Overview<\/b><\/strong><\/h2>\n<p>This device is specially developed for refrigeration-related majors offered by vocational colleges. Based on the characteristics of air-conditioning and refrigerator maintenance technology in the refrigeration industry, it is designed for the electrical control of air conditioners and refrigerators as well as the installation and maintenance of refrigeration systems. It strengthens students&#8217; comprehensive vocational abilities in pipeline installation, electrical wiring, working condition debugging, fault diagnosis and maintenance of air-conditioning and refrigerator systems. The device integrates technologies such as fluid mechanics, thermodynamics, heat transfer and electrical control, and is suitable for teaching and training in refrigeration-related majors.<\/p>\n<h2><strong><b>II. Functional Features<\/b><\/strong><\/h2>\n<p>1.The device can fully demonstrate the structure of the refrigeration system and the entire process of refrigeration system maintenance, meeting the needs of practical training teaching, actual engineering training and vocational skills competitions.<\/p>\n<p>2.It has strong comprehensiveness, can form multiple refrigeration systems, has multiple control modes, and has strong practicability, versatility and economy.<\/p>\n<p>3.The device adopts a modular design, with electrical control and refrigeration system separated independently. Relevant characteristic points can be measured, which not only ensures the training and consolidation of students&#8217; basic skills, but also ensures the rapidity, safety and reliability of circuit connection.<\/p>\n<p>4.It can simulate fault settings. Students can analyze the possible causes of faults according to the process, determine the scope of faults, and eliminate them. It is conducive to carrying out skill appraisal and assessment work.<\/p>\n<p>5.<strong><b>Intelligent Training Assessment System<\/b><\/strong><\/p>\n<p>1.<strong><b>Technical Description of Wireless Intelligent Assessor<\/b><\/strong><\/p>\n<p>1.The assessor is formed by one-time molding of high-quality PVC mold, with a color PVC panel pasted on the surface. The left side of the assessor is connected to the assessment module and the incoming power supply. The external dimension is 263X183X96mm.<\/p>\n<p>2.The assessment keys adopt digital touch buttons with clear hand feel and sensitive response.<\/p>\n<p>3.The man-machine interface adopts a 3.2-inch blue light LCD display, which is simple and clear to operate and has good interactivity.<\/p>\n<p>4.Data transmission adopts high-quality wireless network modules to ensure the distance and accuracy of data transmission.<\/p>\n<p>5.The circuit design is optimized and reasonable, and the production process is strict and perfect, ensuring the reliability and stability of the machine.<\/p>\n<p>6.It can set up to 60 fault points (after expansion).<\/p>\n<p>7.Fault numbers can be changed at will.<\/p>\n<p>8.Each fault point can be set as an open or short-circuit fault.<\/p>\n<p>9.The set parameters will not be lost after power failure.<\/p>\n<p>10.The contact capacity of the output relay reaches 5A\/AC250V, which can be used for both strong electricity and weak electricity.<\/p>\n<p>11.It adopts an independent switching power supply for power supply, with a wide input voltage range, small size, light weight and high efficiency.<\/p>\n<p>2.<strong><b>Functional Description of the Assessment System<\/b><\/strong><\/p>\n<p>1.a.It has functions such as automatic scoring parameter setting, assessment time setting and countdown, and duplicate test number alarm.<\/p>\n<p>2.a.It can choose the specified fault assessment mode or random fault assessment mode.<\/p>\n<p>3.a.In the random fault assessment mode, the system has an automatic question-setting function, so that each fault is different.<\/p>\n<p>4.a.The random fault assessment mode can set the fault range and the number of faults.<\/p>\n<p>5.a.It can automatically save the test number, score, number of wrong eliminations, remaining faults, remaining time, etc. of 80 candidates.<\/p>\n<p>6.a.The set faults and assessment results will not be lost after power failure.<\/p>\n<h2><strong><b>III. Technical Performance<\/b><\/strong><\/h2>\n<ul>\n<li>Input power supply: Single-phase three-wire 220V\u00b110% 50Hz<\/li>\n<li>Device capacity: \u22641.5kVA<\/li>\n<li>Overall dimensions: Not less than 1500mm\u00d7800mm\u00d71400mm<\/li>\n<li>Air-conditioning system compressor: Input power not less than 585W<\/li>\n<li>Refrigerator system compressor: Input power not less than 65W<\/li>\n<li>Refrigerant type: Air-conditioning system R22, refrigerator system R600a<\/li>\n<li>Safety protection: Equipped with leakage voltage and leakage current protection, meeting national safety standards<\/li>\n<\/ul>\n<h2><strong><b>IV. System Composition and Functions<\/b><\/strong><\/h2>\n<ol>\n<li>The device adopts a modular design and is composed of a guide rail-type aluminum alloy installation platform, an air-conditioning system, a refrigerator system, an electrical control system, etc.<\/li>\n<li>The guide rail-type aluminum alloy installation platform is composed of standard aluminum alloy industrial profiles, serving as a platform for students&#8217; operation training, on which air-conditioning system components and refrigerator system components are installed.<\/li>\n<li>Air-conditioning system: Including air-conditioning compressor, indoor heat exchanger, outdoor heat exchanger, four-way reversing valve, throttling device, liquid sight glass, air-conditioning valve, etc.<\/li>\n<li>Refrigerator system: Including refrigerator compressor, wire condenser, freezer evaporator, refrigerator evaporator, throttling device, liquid sight glass, solenoid valve, drying filter, etc.<\/li>\n<li>Electrical control system: Adopting a modular design, it has 5 hanging box modules, including power supply and instrument module, air-conditioning electrical training assessment module, refrigerator electronic temperature control training assessment module, refrigerator intelligent temperature control electrical training assessment module, and intelligent assessment module.<\/li>\n<li>Power supply and instrument module:<br \/>\nSupplied by single-phase three-wire 220V AC power. 1 AC voltmeter with a measurement range of 0\uff5e250V; 1 AC ammeter with a measurement range of 0\uff5e5A, used to measure the system starting current and monitor the normal working current of the system.<\/li>\n<li>Refrigeration system pressure detection unit:<br \/>\nProvided with 4 vacuum pressure gauges with measurement ranges of -0.1\uff5e9MPa, -0.1\uff5e1.5MPa, -0.1\uff5e3.5MPa respectively, used to measure the high and low pressure side pressures of air-conditioning and refrigerator systems.<\/li>\n<li>1 set of current-type leakage protection device<br \/>\nWhen the leakage current exceeds a certain value, it trips to cut off the power supply; thermal protection devices are provided to protect the compressor from overheating and overload.<\/li>\n<\/ol>\n<h2><strong><b>V. System Basic Configuration Table<\/b><\/strong><\/h2>\n<table>\n<tbody>\n<tr>\n<td><strong><b>Serial Number<\/b><\/strong><\/td>\n<td><strong><b>Equipment Name<\/b><\/strong><\/td>\n<td><strong><b>Main Functions of Equipment (Technical Parameters and Requirements)<\/b><\/strong><\/td>\n<td><strong><b>Quantity (set\/unit)<\/b><\/strong><\/td>\n<td><strong><b>Remarks<\/b><\/strong><\/td>\n<\/tr>\n<tr>\n<td>1<\/td>\n<td>Training Platform<\/td>\n<td>Specification: 1500mm\u00d7800mm\u00d71350mm. The cross-sectional dimension of 4 column aluminum profiles: 30mm<em>30mm. The cross-sectional dimension of aluminum profiles on the tabletop: 20mm<\/em>80mm. The tabletop is assembled with profiles, and the thickness of the inlaid plate: 9mm; with movable drawers and movable unit cabinets<\/td>\n<td>1<\/td>\n<td><\/td>\n<\/tr>\n<tr>\n<td>2<\/td>\n<td>Air-Conditioning System Module<\/td>\n<td>With transparent visible organic glass panel, provided with test pin holes for circuit detection. Including rotary compressor, indoor heat exchanger, outdoor heat exchanger, four-way reversing valve, throttling device, liquid sight glass, air-conditioning valve, etc.<\/td>\n<td>1<\/td>\n<td><\/td>\n<\/tr>\n<tr>\n<td>3<\/td>\n<td>Refrigerator System Module<\/td>\n<td>With transparent visible organic glass panel, provided with test pin holes for circuit detection. Including piston compressor, wire condenser, freezer evaporator, refrigerator evaporator, throttling device, liquid sight glass, solenoid valve, drying filter, etc.<\/td>\n<td>1<\/td>\n<td><\/td>\n<\/tr>\n<tr>\n<td>4<\/td>\n<td>Power Supply and Instrument Module<\/td>\n<td>AC220V power supply, AC voltmeter 0\uff5e250V, AC ammeter 0\uff5e5A<\/td>\n<td>1<\/td>\n<td><\/td>\n<\/tr>\n<tr>\n<td><\/td>\n<td>Air-Conditioning Electrical Training Assessment Module<\/td>\n<td>With transparent visible organic glass panel, provided with test pin holes for circuit detection. Air-conditioning universal control module with cooling, heating, ventilation and dehumidification control functions; the panel is divided into circuit principle test part, strong electricity interface part and intelligent assessment interface.<\/td>\n<td>1<\/td>\n<td><\/td>\n<\/tr>\n<tr>\n<td>5<\/td>\n<td>Refrigerator Electronic Temperature Control Electrical Training Assessment Module<\/td>\n<td>With transparent visible organic glass panel, provided with test pin holes for circuit detection. Toshiba GR-204E electronic temperature control module, which can control direct-cooling double-door refrigerators; the panel is divided into circuit principle test part, strong electricity interface part and intelligent assessment interface.<\/td>\n<td>1<\/td>\n<td><\/td>\n<\/tr>\n<tr>\n<td>6<\/td>\n<td>Refrigerator Intelligent Temperature Control Electrical Training Assessment Module<\/td>\n<td>With transparent visible organic glass panel, provided with test pin holes for circuit detection. Single-chip microcomputer control, liquid crystal display, double temperature control; with quick freezing function and intelligent temperature control; the panel is divided into circuit principle test part, strong electricity interface part and intelligent assessment interface.<\/td>\n<td>1<\/td>\n<td><\/td>\n<\/tr>\n<tr>\n<td>7<\/td>\n<td>Intelligent Assessment Module<\/td>\n<td>Wireless WIFI intelligent assessment system, equipped with dot-matrix blue backlight liquid crystal display and PVC touch keyboard.<\/td>\n<td>1<\/td>\n<td><\/td>\n<\/tr>\n<tr>\n<td>8<\/td>\n<td>Power Box<\/td>\n<td>Provides AC 14.5V power supply and DC 5V\/1A power supply<\/td>\n<td>1<\/td>\n<td><\/td>\n<\/tr>\n<tr>\n<td>9<\/td>\n<td>Refrigeration Special Tools<\/td>\n<td>1. Portable welding tool: 1 set<br \/>\n2. Rotary vane vacuum pump: 1 set<br \/>\n3. Pipe expanding tool: 1 set<br \/>\n4. Eccentric pipe expander: 1 set (including chamfering tool and cutter)<br \/>\n5. Pipe bender: 1 piece<br \/>\n6. Dual-meter repair valve: 1 piece<br \/>\n7. Three-color liquid filling pipe: 100cm, 3 pieces<br \/>\n8. Male\/female adapter for dual-meter repair valve: 3 pieces<br \/>\n9. 3Kg refrigerant cylinder: 1 piece<\/td>\n<td>1<\/td>\n<td><\/td>\n<\/tr>\n<tr>\n<td>10<\/td>\n<td>Other Tools and Accessories Configuration<\/td>\n<td>1. Hexagon socket wrench: 2 pieces (4mm and 5mm each)<br \/>\n2. 250mm adjustable wrench: 2 pieces<br \/>\n3. Long-handled screwdriver: 1 piece<br \/>\n4. Tape measure: 1 piece (3m)<br \/>\n5. Wire hanging rack: 1 set<br \/>\n6. Water receiving tray: 1 piece<br \/>\n7. Wire: 1 set (45 pieces\/set)<br \/>\n8. Bottle opener: 1 piece (special for R600a refrigerant bottle)<br \/>\n9. User manual: 1 copy<br \/>\n10. Intelligent assessment system software: 1 disc<br \/>\n11. Intelligent answerer user manual: 1 copy<\/td>\n<td>1<\/td>\n<td><\/td>\n<\/tr>\n<\/tbody>\n<\/table>\n<h2><strong><b>VI. Training Projects<\/b><\/strong><\/h2>\n<h3><strong><b>1. Air-Conditioning System Pipeline Design, Assembly, Wiring and Debugging Projects<\/b><\/strong><\/h3>\n<ul>\n<li><strong><b>Pipeline Design Task<\/b><\/strong><br \/>\nDesign of air-conditioning system pipelines (including determination of pipeline distance, pipe cutting, pipe bending, pipe expanding, pipe flaring, pipeline welding, etc.)<\/li>\n<li><strong><b>System Assembly Task<\/b><\/strong><br \/>\nInstall the designed pipelines to the reasonable positions of corresponding components and complete the pressure maintaining and leak detection of the air-conditioning system.<\/li>\n<li><strong><b>System Wiring Task<\/b><\/strong><br \/>\nJudge the windings of the air-conditioning compressor, and complete the pipeline laying and connection of the air-conditioning system.<\/li>\n<li><strong><b>System Debugging Task<\/b><\/strong><br \/>\nComplete the vacuum pumping, refrigerant charging, electrical debugging and working condition adjustment of the air-conditioning system.<\/li>\n<li><strong><b>System Electrical Assessment Task<\/b><\/strong><br \/>\nComplete the fault setting, measurement, troubleshooting, debugging and operation of air-conditioning electrical appliances.<\/li>\n<li><strong><b>Air-Conditioning Electrical Training Assessment Module (Fault Settings)<\/b><\/strong><br \/>\nK1: Simulate open circuit on the secondary side of transformer T1<br \/>\nK2: Simulate open circuit of integrated voltage regulator 7805<br \/>\nK3: Simulate emergency switch failure<br \/>\nK4: Simulate open circuit of ambient temperature sensor<br \/>\nK5: Simulate open circuit of tube temperature sensor<br \/>\nK6: Simulate open circuit fault of resistor R1<br \/>\nK7: Simulate open circuit fault of resistor R2<br \/>\nK8: Simulate open circuit fault of resistor R6<br \/>\nK9: Simulate open circuit fault of resistor R7<br \/>\nK10: Simulate open circuit fault of resistor R8<br \/>\nK11: Simulate open circuit fault of resistor R9<br \/>\nK12: Simulate open circuit of relay K3 coil<br \/>\nK13: Simulate open circuit of relay K4 coil<br \/>\nK14: Simulate open circuit of relay K5 coil<br \/>\nK15: Simulate open circuit of relay K6 coil<br \/>\nK16: Simulate open circuit of relay K7 coil<br \/>\nK17: Simulate open circuit of relay K8 coil<br \/>\nK18: Simulate open circuit of indoor fan starting capacitor C3<br \/>\nK19: Simulate open circuit of outdoor fan starting capacitor C2<\/li>\n<\/ul>\n<p>&nbsp;<\/p>\n<h3><strong><b>2. Refrigerator System Pipeline Design, Assembly, Wiring and Debugging Projects<\/b><\/strong><\/h3>\n<ul>\n<li><strong><b>Pipeline Design Task<\/b><\/strong><br \/>\nDesign of refrigerator system pipelines (including determination of pipeline distance, pipe cutting, pipe bending, pipe expanding, pipe flaring, etc.)<\/li>\n<li><strong><b>System Assembly Task<\/b><\/strong><br \/>\nInstall the designed pipelines to the reasonable positions of corresponding components and complete the pressure maintaining and leak detection of the refrigerator system.<\/li>\n<li><strong><b>System Wiring Task<\/b><\/strong><br \/>\nJudge the windings of the refrigerator compressor, and complete the pipeline laying and connection of the refrigerator system.<\/li>\n<li><strong><b>System Debugging Task<\/b><\/strong><br \/>\nComplete the vacuum pumping, refrigerant charging, electrical debugging and working condition adjustment of the refrigerator system.<\/li>\n<li><strong><b>System Electrical Assessment Task<\/b><\/strong><br \/>\nComplete the fault setting, measurement, troubleshooting, debugging and operation of air-conditioning electrical appliances.<\/li>\n<li><strong><b>Refrigerator Electronic Temperature Control Electrical Training Assessment Module (Fault Settings)<\/b><\/strong><br \/>\nK1: Open circuit on the secondary side of transformer T1<br \/>\nK2: No output from voltage regulator 7812<br \/>\nK3: 6.8 voltage regulator tube breakdown and short circuit<br \/>\nK4: Open circuit of RT1 refrigerator compartment sensor<br \/>\nK5: C4 capacitor breakdown and short circuit<br \/>\nK6: Open circuit of RT2 freezer compartment temperature sensor<br \/>\nK7: Open circuit of R19 resistor<br \/>\nK8: Q1 drive triode failure (base open circuit)<br \/>\nK9: Q2 drive triode failure (base open circuit)<br \/>\nK10: Defrost stop<br \/>\nK11: Defrost start button short circuit<br \/>\nK12: Open circuit of RY01 relay coil<br \/>\nK13: Open circuit of RY02 relay coil<br \/>\nK14: Open circuit of RY01 relay normally open contact<br \/>\nK15: Open circuit of RY02 relay normally closed contact<br \/>\nK16: Open circuit of RY02 relay normally open contact<\/li>\n<li><strong><b>Refrigerator Intelligent Temperature Control Electrical Training Assessment Module (Fault Settings)<\/b><\/strong><br \/>\nK1: Simulate open circuit of transformer secondary AC12V<br \/>\nK2: Simulate open circuit of D5\uff5eD8 diode rectifier bridge<br \/>\nK3: Simulate open circuit of transformer secondary AC12V<br \/>\nK4: Simulate open circuit of D1\uff5eD4 diode rectifier bridge<br \/>\nK5: Simulate open circuit of 7805 voltage regulator<br \/>\nK6: Simulate open circuit of T1 voltage regulator tube<br \/>\nK7: Simulate open circuit of refrigerating compartment sensor<br \/>\nK8: Simulate open circuit of menu button<br \/>\nK9: Simulate open circuit of freezing compartment sensor<br \/>\nK10: Simulate open circuit of time button<br \/>\nK11: Simulate open circuit of power supply V3<br \/>\nK12: Simulate open circuit of Q5 triode<br \/>\nK13: Simulate open circuit of Q1 triode<br \/>\nK14: Simulate open circuit of relay RY1 coil<br \/>\nK15: Simulate open circuit of Q6 triode<br \/>\nK16: Simulate open circuit of relay RY3 coil<br \/>\nK17: Simulate open circuit of Q2 triode<br \/>\nK18: Simulate open circuit of relay RY2 coil<br \/>\nK19: Simulate open circuit of confirm button<br \/>\nK20: Simulate open circuit of setting button<\/li>\n<\/ul>","protected":false},"excerpt":{"rendered":"<p>\u00c9quipement de formation professionnelle en r\u00e9frig\u00e9ration<\/p>","protected":false},"featured_media":682,"comment_status":"open","ping_status":"closed","template":"","meta":[],"product_brand":[],"product_cat":[191],"product_tag":[209,208,207],"class_list":{"0":"post-679","1":"product","2":"type-product","3":"status-publish","4":"has-post-thumbnail","6":"product_cat-refrigeration","7":"product_tag-can-simulate-fault-settings","8":"product_tag-electrical-control","9":"product_tag-refrigeration","11":"first","12":"instock","13":"taxable","14":"shipping-taxable","15":"product-type-variable"},"_links":{"self":[{"href":"https:\/\/www.bhenlab.com\/fr\/wp-json\/wp\/v2\/product\/679","targetHints":{"allow":["GET"]}}],"collection":[{"href":"https:\/\/www.bhenlab.com\/fr\/wp-json\/wp\/v2\/product"}],"about":[{"href":"https:\/\/www.bhenlab.com\/fr\/wp-json\/wp\/v2\/types\/product"}],"replies":[{"embeddable":true,"href":"https:\/\/www.bhenlab.com\/fr\/wp-json\/wp\/v2\/comments?post=679"}],"wp:featuredmedia":[{"embeddable":true,"href":"https:\/\/www.bhenlab.com\/fr\/wp-json\/wp\/v2\/media\/682"}],"wp:attachment":[{"href":"https:\/\/www.bhenlab.com\/fr\/wp-json\/wp\/v2\/media?parent=679"}],"wp:term":[{"taxonomy":"product_brand","embeddable":true,"href":"https:\/\/www.bhenlab.com\/fr\/wp-json\/wp\/v2\/product_brand?post=679"},{"taxonomy":"product_cat","embeddable":true,"href":"https:\/\/www.bhenlab.com\/fr\/wp-json\/wp\/v2\/product_cat?post=679"},{"taxonomy":"product_tag","embeddable":true,"href":"https:\/\/www.bhenlab.com\/fr\/wp-json\/wp\/v2\/product_tag?post=679"}],"curies":[{"name":"wp","href":"https:\/\/api.w.org\/{rel}","templated":true}]}}