{"id":742,"date":"2025-07-11T06:28:13","date_gmt":"2025-07-11T06:28:13","guid":{"rendered":"https:\/\/www.bhenlab.com\/?post_type=product&#038;p=742"},"modified":"2025-07-11T06:28:13","modified_gmt":"2025-07-11T06:28:13","slug":"boh-550-plc-programmable-controller-training-device","status":"publish","type":"product","link":"https:\/\/www.bhenlab.com\/es_es\/producto\/boh-550-plc-programmable-controller-training-device\/","title":{"rendered":"Dispositivo de formaci\u00f3n de controlador programable PLC BOH-550"},"content":{"rendered":"<p><img loading=\"lazy\" decoding=\"async\" class=\"size-medium wp-image-744 aligncenter\" src=\"https:\/\/www.bhenlab.com\/wp-content\/uploads\/2025\/07\/\u4fa7\u9762-4-500x500.png\" alt=\"\" width=\"500\" height=\"500\" srcset=\"https:\/\/www.bhenlab.com\/wp-content\/uploads\/2025\/07\/\u4fa7\u9762-4-500x500.png 500w, https:\/\/www.bhenlab.com\/wp-content\/uploads\/2025\/07\/\u4fa7\u9762-4-300x300.png 300w, https:\/\/www.bhenlab.com\/wp-content\/uploads\/2025\/07\/\u4fa7\u9762-4-768x768.png 768w, https:\/\/www.bhenlab.com\/wp-content\/uploads\/2025\/07\/\u4fa7\u9762-4-12x12.png 12w, https:\/\/www.bhenlab.com\/wp-content\/uploads\/2025\/07\/\u4fa7\u9762-4-150x150.png 150w, https:\/\/www.bhenlab.com\/wp-content\/uploads\/2025\/07\/\u4fa7\u9762-4-75x75.png 75w, https:\/\/www.bhenlab.com\/wp-content\/uploads\/2025\/07\/\u4fa7\u9762-4-480x480.png 480w, https:\/\/www.bhenlab.com\/wp-content\/uploads\/2025\/07\/\u4fa7\u9762-4.png 800w\" sizes=\"auto, (max-width:767px) 480px, 500px\" \/><\/p>\n<p><img loading=\"lazy\" decoding=\"async\" class=\"size-medium wp-image-745 aligncenter\" src=\"https:\/\/www.bhenlab.com\/wp-content\/uploads\/2025\/07\/\u6b63\u9762-5-500x500.png\" alt=\"\" width=\"500\" height=\"500\" srcset=\"https:\/\/www.bhenlab.com\/wp-content\/uploads\/2025\/07\/\u6b63\u9762-5-500x500.png 500w, https:\/\/www.bhenlab.com\/wp-content\/uploads\/2025\/07\/\u6b63\u9762-5-300x300.png 300w, https:\/\/www.bhenlab.com\/wp-content\/uploads\/2025\/07\/\u6b63\u9762-5-768x768.png 768w, https:\/\/www.bhenlab.com\/wp-content\/uploads\/2025\/07\/\u6b63\u9762-5-12x12.png 12w, https:\/\/www.bhenlab.com\/wp-content\/uploads\/2025\/07\/\u6b63\u9762-5-150x150.png 150w, https:\/\/www.bhenlab.com\/wp-content\/uploads\/2025\/07\/\u6b63\u9762-5-75x75.png 75w, https:\/\/www.bhenlab.com\/wp-content\/uploads\/2025\/07\/\u6b63\u9762-5-480x480.png 480w, https:\/\/www.bhenlab.com\/wp-content\/uploads\/2025\/07\/\u6b63\u9762-5.png 800w\" sizes=\"auto, (max-width:767px) 480px, 500px\" \/><\/p>\n<p><img loading=\"lazy\" decoding=\"async\" class=\"size-medium wp-image-743 aligncenter\" src=\"https:\/\/www.bhenlab.com\/wp-content\/uploads\/2025\/07\/\u90e8\u5206-500x500.png\" alt=\"\" width=\"500\" height=\"500\" srcset=\"https:\/\/www.bhenlab.com\/wp-content\/uploads\/2025\/07\/\u90e8\u5206-500x500.png 500w, https:\/\/www.bhenlab.com\/wp-content\/uploads\/2025\/07\/\u90e8\u5206-300x300.png 300w, https:\/\/www.bhenlab.com\/wp-content\/uploads\/2025\/07\/\u90e8\u5206-768x768.png 768w, https:\/\/www.bhenlab.com\/wp-content\/uploads\/2025\/07\/\u90e8\u5206-12x12.png 12w, https:\/\/www.bhenlab.com\/wp-content\/uploads\/2025\/07\/\u90e8\u5206-150x150.png 150w, https:\/\/www.bhenlab.com\/wp-content\/uploads\/2025\/07\/\u90e8\u5206-75x75.png 75w, https:\/\/www.bhenlab.com\/wp-content\/uploads\/2025\/07\/\u90e8\u5206-480x480.png 480w, https:\/\/www.bhenlab.com\/wp-content\/uploads\/2025\/07\/\u90e8\u5206.png 800w\" sizes=\"auto, (max-width:767px) 480px, 500px\" \/><\/p>\n<p>El controlador programable PLC es un nuevo tipo de dispositivo de control industrial desarrollado sobre la base de microprocesadores. Con sus caracter\u00edsticas de peque\u00f1o tama\u00f1o, gran funcionalidad, alta fiabilidad y c\u00f3moda aplicaci\u00f3n e instalaci\u00f3n, ocup\u00f3 r\u00e1pidamente una posici\u00f3n dominante en el control industrial de China y sigue desarroll\u00e1ndose. En respuesta a esta tendencia de desarrollo, los colegios y universidades, as\u00ed como varias escuelas de formaci\u00f3n profesional y t\u00e9cnica de todo el pa\u00eds, han incorporado la ense\u00f1anza del PLC a sus tareas docentes, convirti\u00e9ndolo en un curso obligatorio para las carreras de electr\u00f3nica, ingenier\u00eda el\u00e9ctrica y automatizaci\u00f3n industrial. El sistema programable de experimentaci\u00f3n PLC es un producto did\u00e1ctico PLC de nueva generaci\u00f3n desarrollado de acuerdo con este requisito de ense\u00f1anza. Desde su lanzamiento, ha sido muy elogiado por profesores y expertos de varios colegios y universidades. El conjunto completo de dispositivos tiene un dise\u00f1o razonable, funciones de gran alcance y operaci\u00f3n simple, que es de gran ayuda para los estudiantes a comprender y dominar los principios de control y m\u00e9todos de operaci\u00f3n de los controladores programables y acelerar el aprendizaje de los m\u00e9todos de programaci\u00f3n del PLC. Es una herramienta ideal en la ense\u00f1anza de PLC.<\/p>\n<h2><strong><b>Composici\u00f3n del sistema<\/b><\/strong><\/h2>\n<p>1.Banco de experimentos con controlador programable PLC<\/p>\n<p>2.Dispositivo de demostraci\u00f3n de controlador programable PLC<\/p>\n<p>3.Pupitre de operaci\u00f3n del controlador programable PLC<\/p>\n<p>4.Programaci\u00f3n de software de aplicaci\u00f3n<\/p>\n<p>5.PLC y cable de comunicaci\u00f3n de transferencia o controlador manual (autoproporcionado)<\/p>\n<h2><strong><b>Banco de experimentos de aut\u00f3matas programables PLC<\/b><\/strong><\/h2>\n<h3><strong><b>1. Funciones y caracter\u00edsticas<\/b><\/strong><\/h3>\n<p>1.El banco de experimentos incluye:<\/p>\n<p>1.Zona de entrada de corriente alterna<\/p>\n<p>2.PLC host<\/p>\n<p>3.Tubos emisores de luz LED, luces indicadoras<\/p>\n<p>4.Indicaci\u00f3n de carga de salida<\/p>\n<p>5.Interruptores anal\u00f3gicos de entrada (botones e interruptores)<\/p>\n<p>6.Tubos LED nixie, zumbadores<\/p>\n<p>7.Fuente de alimentaci\u00f3n regulada DC: 5V1A, 24V2A<\/p>\n<p>8.Puertos de entrada y salida del PLC<\/p>\n<p>9.Motor de CC, rel\u00e9<\/p>\n<p>2.La entrada y la salida del host PLC se conducen al panel. La entrada puede conectarse a interruptores de entrada anal\u00f3gica, interruptores de recorrido o interruptores fotoel\u00e9ctricos, etc. La salida puede conectarse a las luces indicadoras, tubos nixie, rel\u00e9s, motores DC y zumbadores del panel, y tambi\u00e9n puede conectarse al dispositivo de demostraci\u00f3n, que puede aplicarse al control industrial real.<\/p>\n<p>3.El host del PLC generalmente adopta el host original japon\u00e9s de la serie Mitsubishi. Otros modelos de hosts tambi\u00e9n pueden ser equipados si es requerido por los usuarios.<\/p>\n<p>4.El propio banco de experimentos est\u00e1 equipado con una fuente de alimentaci\u00f3n de 24V2A, que puede utilizarse directamente para las cargas de salida, o conectarse a la interfaz del dispositivo de demostraci\u00f3n u otros dispositivos correspondientes.<\/p>\n<p>5.La conexi\u00f3n entre el banco de experimentos PLC y el dispositivo de demostraci\u00f3n puede utilizar conectores de auto-bloqueo para la conexi\u00f3n punto a punto de una sola l\u00ednea para mejorar las habilidades pr\u00e1cticas y de pensamiento y profundizar en la comprensi\u00f3n de la estructura y funci\u00f3n del PLC. Tambi\u00e9n se puede conectar de una sola vez a trav\u00e9s de un cable plano para mejorar la velocidad del cableado experimental. En comparaci\u00f3n con el m\u00e9todo de conexi\u00f3n \u00fanica de otros fabricantes, tiene ventajas absolutas.<\/p>\n<p>6.Puede completar experimentos b\u00e1sicos y experimentos de aplicaci\u00f3n de los principios de control PLC, y puede ser utilizado para el control industrial real.<\/p>\n<p>&nbsp;<\/p>\n<h3><strong><b>2. Proyectos experimentales<\/b><\/strong><\/h3>\n<ol>\n<li>Experimentos con funciones l\u00f3gicas AND, OR, NOT<\/li>\n<li>Experimentos con funciones de temporizador y contador<\/li>\n<li>Experimentos de funciones de salto y bifurcaci\u00f3n<\/li>\n<li>Experimentos con registros de desplazamiento<\/li>\n<li>Experimentos sobre la funci\u00f3n de tratamiento de datos<\/li>\n<li>Experimentos de funcionamiento diferencial y por bits<\/li>\n<li>Control autom\u00e1tico de sem\u00e1foros mediante PLC<\/li>\n<li>Control autom\u00e1tico por PLC del nivel de agua del dep\u00f3sito de agua<\/li>\n<li>Control autom\u00e1tico PLC de la formadora autom\u00e1tica<\/li>\n<li>Control autom\u00e1tico por PLC del tren de laminaci\u00f3n autom\u00e1tico<\/li>\n<li>Control autom\u00e1tico mediante PLC de la mezcla autom\u00e1tica de varios l\u00edquidos<\/li>\n<li>Control autom\u00e1tico por PLC del sistema autom\u00e1tico de alimentaci\u00f3n y carga<\/li>\n<li>Control autom\u00e1tico PLC de la m\u00e1quina clasificadora de correo<\/li>\n<li>Control autom\u00e1tico PLC del ascensor<\/li>\n<li>Control autom\u00e1tico del manipulador mediante PLC<\/li>\n<li>Control por simulaci\u00f3n PLC de un motor paso a paso de cinco fases<\/li>\n<li>Control autom\u00e1tico por PLC de la m\u00e1quina expendedora autom\u00e1tica de bebidas<\/li>\n<li>Control autom\u00e1tico PLC del sistema de lavadora autom\u00e1tica<\/li>\n<li>Control autom\u00e1tico por PLC del sistema de producci\u00f3n del taller de galvanoplastia<\/li>\n<li>Control autom\u00e1tico por PLC de la selecci\u00f3n del almac\u00e9n de herramientas del centro de mecanizado<\/li>\n<li>Experimentos con tubos LED nixie<\/li>\n<li>Control autom\u00e1tico mediante PLC de las luces de la torre de Tianjin<\/li>\n<li>Contenidos b\u00e1sicos adicionales del experimento<\/li>\n<\/ol>\n<h3><strong><b>3. Par\u00e1metros t\u00e9cnicos<\/b><\/strong><\/h3>\n<ul>\n<li>Selecci\u00f3n de host PLC: Mitsubishi FX3U-48MR<\/li>\n<li>Tensi\u00f3n de salida: 24 V CC, indicada por un volt\u00edmetro<\/li>\n<li>Programaci\u00f3n con software de aplicaci\u00f3n<\/li>\n<li>Entrada de alimentaci\u00f3n: AC 220V, 50Hz<\/li>\n<li>Corriente \u2265 2A, con protecci\u00f3n contra sobrecarga<\/li>\n<li>Dimensiones totales: 170 X 70 X 140 cm<\/li>\n<\/ul>\n<h2><strong><b>Dispositivo de demostraci\u00f3n de controlador programable PLC<\/b><\/strong><\/h2>\n<p>Este dispositivo es un aparato de demostraci\u00f3n externo dise\u00f1ado para ser utilizado con el banco de experimentaci\u00f3n de controladores programables PLC. Utiliza mecanismos ejecutivos como diodos emisores de luz LED, grandes tubos nixie LED, motores de corriente continua, motores paso a paso y otros circuitos perif\u00e9ricos para simular el estado en el proceso de control industrial real. Demuestra v\u00edvidamente todo el proceso de ejecuci\u00f3n del PLC. A trav\u00e9s de este dispositivo, la habilidad pr\u00e1ctica de los estudiantes puede ser entrenada, pueden verificar v\u00edvidamente la correcci\u00f3n de los programas que escriben a trav\u00e9s de los mecanismos ejecutivos, dominar la aplicaci\u00f3n pr\u00e1ctica del PLC, y aumentar el inter\u00e9s de los estudiantes en el aprendizaje del PLC. La posici\u00f3n del dispositivo en la pantalla de demostraci\u00f3n se puede mover e intercambiar arbitrariamente.<\/p>\n<p>&nbsp;<\/p>\n<p>Tanto la entrada como la salida del PLC del dispositivo de demostraci\u00f3n utilizan una fuente de alimentaci\u00f3n de 24 V, y la fuente de alimentaci\u00f3n de 5 V se utiliza para los perif\u00e9ricos de los mecanismos ejecutivos. En la actualidad, cada conjunto de dispositivo de demostraci\u00f3n se compone principalmente de 16 placas de demostraci\u00f3n, cuyos modelos son los siguientes:<\/p>\n<p>&nbsp;<\/p>\n<ol>\n<li>Control autom\u00e1tico de sem\u00e1foros mediante PLC<\/li>\n<li>Control autom\u00e1tico por PLC del nivel de agua del dep\u00f3sito de agua<\/li>\n<li>Control autom\u00e1tico PLC de la formadora autom\u00e1tica<\/li>\n<li>Control autom\u00e1tico por PLC del tren de laminaci\u00f3n autom\u00e1tico<\/li>\n<li>Control autom\u00e1tico mediante PLC de la mezcla autom\u00e1tica de varios l\u00edquidos<\/li>\n<li>Control autom\u00e1tico por PLC del sistema autom\u00e1tico de alimentaci\u00f3n y carga<\/li>\n<li>Control autom\u00e1tico PLC de la m\u00e1quina clasificadora de correo<\/li>\n<li>Control autom\u00e1tico PLC del ascensor<\/li>\n<li>Control autom\u00e1tico del manipulador mediante PLC<\/li>\n<li>Control por simulaci\u00f3n PLC de un motor paso a paso de cinco fases<\/li>\n<li>Control autom\u00e1tico por PLC de la m\u00e1quina expendedora autom\u00e1tica de bebidas<\/li>\n<li>Control autom\u00e1tico PLC del sistema de lavadora autom\u00e1tica<\/li>\n<li>Control autom\u00e1tico por PLC del sistema de producci\u00f3n del taller de galvanoplastia<\/li>\n<li>Control autom\u00e1tico por PLC de la selecci\u00f3n del almac\u00e9n de herramientas del centro de mecanizado<\/li>\n<li>Experimento con tubos LED nixie<\/li>\n<li>Control autom\u00e1tico mediante PLC de las luces de la torre de Tianjin<\/li>\n<\/ol>\n<p>&nbsp;<\/p>\n<p>Ventajas: La conexi\u00f3n entre el banco de experimentos PLC y el dispositivo de demostraci\u00f3n puede utilizar conectores autoblocantes para la conexi\u00f3n punto a punto de una sola l\u00ednea para mejorar las habilidades pr\u00e1cticas y de pensamiento y profundizar en la comprensi\u00f3n de la estructura y funci\u00f3n del PLC. Tambi\u00e9n se puede conectar de una sola vez a trav\u00e9s de un cable plano para mejorar la velocidad de los experimentos. En comparaci\u00f3n con el m\u00e9todo de conexi\u00f3n \u00fanica de otros fabricantes, tiene ventajas absolutas.<\/p>\n<p>&nbsp;<\/p>\n<table>\n<tbody>\n<tr>\n<td><strong><b>N\u00famero de serie<\/b><\/strong><\/td>\n<td><strong><b>Nombre del equipo<\/b><\/strong><\/td>\n<td><strong><b>Especificaci\u00f3n y modelo<\/b><\/strong><\/td>\n<td><strong><b>Unidad<\/b><\/strong><\/td>\n<td><strong><b>Cantidad<\/b><\/strong><\/td>\n<\/tr>\n<tr>\n<td>1<\/td>\n<td>Pantalla de experimentos<\/td>\n<td>Estructura de acero pintado por pulverizaci\u00f3n<\/td>\n<td>Establecer<\/td>\n<td>1<\/td>\n<\/tr>\n<tr>\n<td>2<\/td>\n<td>Mesa de experimentos<\/td>\n<td>Estructura de acero<\/td>\n<td>Pieza<\/td>\n<td>1<\/td>\n<\/tr>\n<tr>\n<td>2<\/td>\n<td>PLC host<\/td>\n<td>Mitsubishi FX3U-48MR<\/td>\n<td>Establecer<\/td>\n<td>1<\/td>\n<\/tr>\n<tr>\n<td>3<\/td>\n<td>Mesa de experimentos<\/td>\n<td>Estructura totalmente de acero, tablero con tablero ign\u00edfugo postformado<\/td>\n<td>Pieza<\/td>\n<td>1<\/td>\n<\/tr>\n<tr>\n<td>5<\/td>\n<td>Experimento taburete<\/td>\n<td>Superficie del taburete en ABS, estructura de acero<\/td>\n<td>Pieza<\/td>\n<td>2<\/td>\n<\/tr>\n<tr>\n<td>6<\/td>\n<td>Silla del profesor<\/td>\n<td>Silla giratoria de cinco ruedas<\/td>\n<td>Pieza<\/td>\n<td>1<\/td>\n<\/tr>\n<tr>\n<td>7<\/td>\n<td>Cable de programaci\u00f3n<\/td>\n<td>Cable de programaci\u00f3n especial Mitsubishi<\/td>\n<td>Establecer<\/td>\n<td>1<\/td>\n<\/tr>\n<tr>\n<td>8<\/td>\n<td>Alimentaci\u00f3n trif\u00e1sica<\/td>\n<td>Enchufe de pistola de seguridad de alta fiabilidad<\/td>\n<td>Grupo<\/td>\n<td>1<\/td>\n<\/tr>\n<tr>\n<td>9<\/td>\n<td>Fuente de alimentaci\u00f3n regulada de CC<\/td>\n<td>Tensi\u00f3n continua ajustable de 0~30 V<\/td>\n<td>Grupo<\/td>\n<td>1<\/td>\n<\/tr>\n<tr>\n<td>10<\/td>\n<td>Fuente de se\u00f1al de impulsos<\/td>\n<td>Puede proporcionar se\u00f1ales de impulsos \"simples\" o \"continuas\" con frecuencia ajustable<\/td>\n<td>Grupo<\/td>\n<td>1<\/td>\n<\/tr>\n<tr>\n<td>11<\/td>\n<td>Circuito de protecci\u00f3n<\/td>\n<td>Protector contra cortocircuitos y fugas<\/td>\n<td>Pieza<\/td>\n<td>1<\/td>\n<\/tr>\n<tr>\n<td>12<\/td>\n<td>Cable de conexi\u00f3n experimental<\/td>\n<td>Alambre el\u00e1stico para buj\u00edas de pistola de formaci\u00f3n \u00fanica<\/td>\n<td>Establecer<\/td>\n<td>1<\/td>\n<\/tr>\n<tr>\n<td>13<\/td>\n<td>Programa experimental (CD)<\/td>\n<td>(Software de programaci\u00f3n Mitsubishi \/ Programa experimental PLC Mitsubishi \/ Programa experimental de configuraci\u00f3n de simulaci\u00f3n Mitsubishi)<\/td>\n<td>Establecer<\/td>\n<td>1<\/td>\n<\/tr>\n<tr>\n<td>14<\/td>\n<td>Libro de instrucciones experimentales<\/td>\n<td>&nbsp;<\/td>\n<td>Establecer<\/td>\n<td>1<\/td>\n<\/tr>\n<tr>\n<td>15<\/td>\n<td>Manual del usuario<\/td>\n<td>&nbsp;<\/td>\n<td>Establecer<\/td>\n<td>1<\/td>\n<\/tr>\n<tr>\n<td rowspan=\"16\">16<\/td>\n<td rowspan=\"16\">M\u00f3dulo experimental<\/td>\n<td>PLC001 Control autom\u00e1tico PLC de sem\u00e1foros<\/td>\n<td>Bloque<\/td>\n<td>1<\/td>\n<\/tr>\n<tr>\n<td>PLC002 Agitador PLC de control autom\u00e1tico<\/td>\n<td>Bloque<\/td>\n<td>1<\/td>\n<\/tr>\n<tr>\n<td>PLC003 Pantalla de tubo LED nixie Control autom\u00e1tico PLC<\/td>\n<td>Bloque<\/td>\n<td>1<\/td>\n<\/tr>\n<tr>\n<td>PLC004 Control autom\u00e1tico PLC de ascensor de cuatro pisos<\/td>\n<td>Bloque<\/td>\n<td>1<\/td>\n<\/tr>\n<tr>\n<td>PLC005 Control de selecci\u00f3n del almac\u00e9n de herramientas del centro de mecanizado<\/td>\n<td>Bloque<\/td>\n<td>1<\/td>\n<\/tr>\n<tr>\n<td>PLC006 Modelado art\u00edstico de luz en color Control PLC<\/td>\n<td>Bloque<\/td>\n<td>1<\/td>\n<\/tr>\n<tr>\n<td>PLC007 Control autom\u00e1tico del motor<\/td>\n<td>Bloque<\/td>\n<td>1<\/td>\n<\/tr>\n<tr>\n<td>PLC009 Torre de transmisi\u00f3n de TV simulada<\/td>\n<td>Bloque<\/td>\n<td>1<\/td>\n<\/tr>\n<tr>\n<td>PLC010 Sistema autom\u00e1tico de alimentaci\u00f3n y carga<\/td>\n<td>Bloque<\/td>\n<td>1<\/td>\n<\/tr>\n<tr>\n<td>PLC011 M\u00e1quina expendedora autom\u00e1tica<\/td>\n<td>Bloque<\/td>\n<td>1<\/td>\n<\/tr>\n<tr>\n<td>PLC012 Sistema de conformado autom\u00e1tico<\/td>\n<td>Bloque<\/td>\n<td>1<\/td>\n<\/tr>\n<tr>\n<td>PLC013 Sistema autom\u00e1tico de suministro de agua de la torre de agua<\/td>\n<td>Bloque<\/td>\n<td>1<\/td>\n<\/tr>\n<tr>\n<td>PLC014 Sistema de clasificaci\u00f3n autom\u00e1tica de correo<\/td>\n<td>Bloque<\/td>\n<td>1<\/td>\n<\/tr>\n<tr>\n<td>PLC015 Sistema de lavadora autom\u00e1tica<\/td>\n<td>Bloque<\/td>\n<td>1<\/td>\n<\/tr>\n<tr>\n<td>PLC016 Sistema de galvanoplastia<\/td>\n<td>Bloque<\/td>\n<td>1<\/td>\n<\/tr>\n<tr>\n<td>PLC008 Motor paso a paso Control PLC<\/td>\n<td>Bloque<\/td>\n<td>1<\/td>\n<\/tr>\n<\/tbody>\n<\/table>","protected":false},"excerpt":{"rendered":"<p>Equipos de formaci\u00f3n para aut\u00f3matas programables PLC<\/p>","protected":false},"featured_media":745,"comment_status":"open","ping_status":"closed","template":"","meta":[],"product_brand":[194],"product_cat":[183],"product_tag":[221,220,219],"class_list":{"0":"post-742","1":"product","2":"type-product","3":"status-publish","4":"has-post-thumbnail","6":"product_brand-bhenlab","7":"product_cat-plc-training-equipment","8":"product_tag-electrical","9":"product_tag-electron","10":"product_tag-plc-programmable","12":"first","13":"instock","14":"taxable","15":"shipping-taxable","16":"product-type-variable"},"_links":{"self":[{"href":"https:\/\/www.bhenlab.com\/es_es\/wp-json\/wp\/v2\/product\/742","targetHints":{"allow":["GET"]}}],"collection":[{"href":"https:\/\/www.bhenlab.com\/es_es\/wp-json\/wp\/v2\/product"}],"about":[{"href":"https:\/\/www.bhenlab.com\/es_es\/wp-json\/wp\/v2\/types\/product"}],"replies":[{"embeddable":true,"href":"https:\/\/www.bhenlab.com\/es_es\/wp-json\/wp\/v2\/comments?post=742"}],"wp:featuredmedia":[{"embeddable":true,"href":"https:\/\/www.bhenlab.com\/es_es\/wp-json\/wp\/v2\/media\/745"}],"wp:attachment":[{"href":"https:\/\/www.bhenlab.com\/es_es\/wp-json\/wp\/v2\/media?parent=742"}],"wp:term":[{"taxonomy":"product_brand","embeddable":true,"href":"https:\/\/www.bhenlab.com\/es_es\/wp-json\/wp\/v2\/product_brand?post=742"},{"taxonomy":"product_cat","embeddable":true,"href":"https:\/\/www.bhenlab.com\/es_es\/wp-json\/wp\/v2\/product_cat?post=742"},{"taxonomy":"product_tag","embeddable":true,"href":"https:\/\/www.bhenlab.com\/es_es\/wp-json\/wp\/v2\/product_tag?post=742"}],"curies":[{"name":"wp","href":"https:\/\/api.w.org\/{rel}","templated":true}]}}